{"id":10894,"date":"2026-03-04T17:35:26","date_gmt":"2026-03-04T17:35:26","guid":{"rendered":"https:\/\/africapreneurs.com\/?page_id=10894"},"modified":"2026-03-04T17:35:27","modified_gmt":"2026-03-04T17:35:27","slug":"devenez-partenaire","status":"publish","type":"page","link":"https:\/\/africapreneurs.com\/fr\/devenez-partenaire\/","title":{"rendered":"Devenez partenaire"},"content":{"rendered":"\n<p>Rejoignez-nous dans une aventure passionnante qui mettra en lumi\u00e8re le dynamisme, la diversit\u00e9 des talents et le potentiel d&rsquo;innovation de l&rsquo;Afrique. Devenez partenaire d&rsquo;Africapreneurs et contribuez activement \u00e0 fa\u00e7onner un r\u00e9cit inspirant et porteur d&rsquo;espoir pour la communaut\u00e9 africaine, en Afrique et \u00e0 l&rsquo;\u00e9tranger.<\/p>\n\n\n\n<h2 class=\"wp-block-heading\" id=\"h-pourquoi-devenir-partenaire\">Pourquoi devenir partenaire ?<\/h2>\n\n\n\n<ul class=\"wp-block-list\">\n<li>D\u00e9veloppez votre audience : Collaborez avec la plateforme de contenu num\u00e9rique leader qui met en lumi\u00e8re les r\u00e9ussites, la culture et l&rsquo;esprit d&rsquo;entreprise de l&rsquo;Afrique. Gagnez en visibilit\u00e9 aupr\u00e8s de notre public engag\u00e9 et t\u00e9moignez de votre contribution \u00e0 la croissance et au progr\u00e8s du continent.<\/li>\n\n\n\n<li>Soutenez les talents : Ayez un impact significatif sur la jeunesse, les entrepreneurs et les innovateurs africains. Contribuez \u00e0 promouvoir une culture de l&rsquo;ambition, de l&rsquo;innovation et de l&rsquo;entrepreneuriat en partageant votre expertise, vos ressources et vos opportunit\u00e9s.<\/li>\n\n\n\n<li>C\u00e9l\u00e9brez la diversit\u00e9 : Promouvez la diversit\u00e9 et l&rsquo;inclusion en devenant partenaire d&rsquo;Africapreneurs. Aidez-nous \u00e0 repr\u00e9senter la richesse de l&rsquo;identit\u00e9 africaine en mettant en avant les histoires, les r\u00e9ussites et les aspirations de personnes issues de divers horizons et r\u00e9gions.<\/li>\n\n\n\n<li>Mettez en valeur votre marque : B\u00e9n\u00e9ficiez d&rsquo;une visibilit\u00e9 optimale sur notre plateforme, lors de nos \u00e9v\u00e9nements et initiatives, et connectez-vous avec une communaut\u00e9 qui valorise l&rsquo;innovation, la cr\u00e9ativit\u00e9 et le changement positif. Affirmez l&rsquo;engagement de votre marque envers la croissance et le d\u00e9veloppement de l&rsquo;Afrique.<\/li>\n<\/ul>\n\n\n\n<h2 class=\"wp-block-heading\" id=\"h-comment-s-impliquer-nbsp\">Comment s&rsquo;impliquer&nbsp;:<\/h2>\n\n\n\n<p>Africapreneurs accueille des partenaires de divers secteurs qui partagent notre vision d&rsquo;inspirer l&rsquo;Afrique et ses habitants. Voici comment vous pouvez vous associer \u00e0 nous&nbsp;:<\/p>\n\n\n\n<ul class=\"wp-block-list\">\n<li>Sponsoring&nbsp;: Soutenez nos \u00e9v\u00e9nements, contenus et initiatives \u00e0 fort impact, en associant votre marque \u00e0 la promotion des r\u00e9ussites africaines et au d\u00e9veloppement d&rsquo;une culture de l&rsquo;innovation.<\/li>\n\n\n\n<li>Collaboration de contenu&nbsp;: Partagez vos id\u00e9es, vos t\u00e9moignages et votre expertise sur notre plateforme, afin de nous aider \u00e0 informer, inspirer et autonomiser notre public.<\/li>\n\n\n\n<li>Engagement communautaire&nbsp;: Participez \u00e0 nos actions d&rsquo;engagement communautaire en offrant du mentorat, des ressources ou des opportunit\u00e9s aux entrepreneurs \u00e9mergents, aux innovateurs et aux futurs leaders.<\/li>\n\n\n\n<li>Alliances strat\u00e9giques&nbsp;: Explorez les partenariats et alliances strat\u00e9giques potentiels pour faire progresser nos objectifs communs&nbsp;: promouvoir la croissance de l&rsquo;Afrique et l&rsquo;\u00e9panouissement de ses populations.<\/li>\n<\/ul>\n\n\n\n<h2 class=\"wp-block-heading\" id=\"h-pret-a-faire-la-difference-nbsp\">Pr\u00eat \u00e0 faire la diff\u00e9rence&nbsp;?<\/h2>\n\n\n\n<p>Contactez-nous pour devenir partenaire. Collaborons pour inspirer, valoriser et c\u00e9l\u00e9brer les r\u00e9ussites de l&rsquo;Afrique, tout en favorisant une culture de l&rsquo;ambition et de l&rsquo;innovation.<\/p>\n\n\n\n<p>Rejoignez Africapreneurs dans notre mission&nbsp;: mettre en lumi\u00e8re le meilleur de l\u2019Afrique, inspirer ses habitants et impulser un changement positif \u00e0 travers le pays. Ensemble, nous pouvons b\u00e2tir un avenir meilleur pour l\u2019Afrique et ses talents. Devenez partenaire d\u00e8s aujourd\u2019hui&nbsp;!<\/p>\n","protected":false},"excerpt":{"rendered":"<p>Rejoignez-nous dans une aventure passionnante qui mettra en lumi\u00e8re le dynamisme, la diversit\u00e9 des talents et le potentiel d&rsquo;innovation de l&rsquo;Afrique. Devenez partenaire d&rsquo;Africapreneurs et contribuez activement \u00e0 fa\u00e7onner un r\u00e9cit inspirant et porteur d&rsquo;espoir pour la communaut\u00e9 africaine, en Afrique et \u00e0 l&rsquo;\u00e9tranger. Pourquoi devenir partenaire ? Comment s&rsquo;impliquer&nbsp;: Africapreneurs accueille des partenaires de [&hellip;]<\/p>\n","protected":false},"author":1,"featured_media":0,"parent":0,"menu_order":0,"comment_status":"closed","ping_status":"closed","template":"","meta":{"jnews_page_loop":[],"jnews_single_page":[],"footnotes":""},"class_list":["post-10894","page","type-page","status-publish","hentry"],"yoast_head":"<!-- This site is optimized with the Yoast SEO Premium plugin v26.9 (Yoast SEO v27.4) - https:\/\/yoast.com\/product\/yoast-seo-premium-wordpress\/ -->\n<title>Devenez partenaire - Africapreneurs<\/title>\n<meta name=\"robots\" content=\"index, follow, max-snippet:-1, max-image-preview:large, max-video-preview:-1\" \/>\n<link rel=\"canonical\" href=\"https:\/\/africapreneurs.com\/fr\/devenez-partenaire\/\" \/>\n<meta property=\"og:locale\" content=\"fr_FR\" \/>\n<meta property=\"og:type\" content=\"article\" \/>\n<meta property=\"og:title\" content=\"Devenez partenaire\" \/>\n<meta property=\"og:description\" content=\"Rejoignez-nous dans une aventure passionnante qui mettra en lumi\u00e8re le dynamisme, la diversit\u00e9 des talents et le potentiel d&rsquo;innovation de l&rsquo;Afrique. Devenez partenaire d&rsquo;Africapreneurs et contribuez activement \u00e0 fa\u00e7onner un r\u00e9cit inspirant et porteur d&rsquo;espoir pour la communaut\u00e9 africaine, en Afrique et \u00e0 l&rsquo;\u00e9tranger. Pourquoi devenir partenaire ? Comment s&rsquo;impliquer&nbsp;: Africapreneurs accueille des partenaires de [&hellip;]\" \/>\n<meta property=\"og:url\" content=\"https:\/\/africapreneurs.com\/fr\/devenez-partenaire\/\" \/>\n<meta property=\"og:site_name\" content=\"Africapreneurs\" \/>\n<meta property=\"article:publisher\" content=\"https:\/\/www.facebook.com\/africapreneurs1\" \/>\n<meta property=\"article:modified_time\" content=\"2026-03-04T17:35:27+00:00\" \/>\n<meta name=\"twitter:card\" content=\"summary_large_image\" \/>\n<meta name=\"twitter:site\" content=\"@africapreneurs\" \/>\n<meta name=\"twitter:label1\" content=\"Dur\u00e9e de lecture estim\u00e9e\" \/>\n\t<meta name=\"twitter:data1\" content=\"2 minutes\" \/>\n<script type=\"application\/ld+json\" class=\"yoast-schema-graph\">{\"@context\":\"https:\\\/\\\/schema.org\",\"@graph\":[{\"@type\":\"WebPage\",\"@id\":\"https:\\\/\\\/africapreneurs.com\\\/fr\\\/devenez-partenaire\\\/\",\"url\":\"https:\\\/\\\/africapreneurs.com\\\/fr\\\/devenez-partenaire\\\/\",\"name\":\"Devenez partenaire - Africapreneurs\",\"isPartOf\":{\"@id\":\"https:\\\/\\\/africapreneurs.com\\\/fr\\\/#website\"},\"datePublished\":\"2026-03-04T17:35:26+00:00\",\"dateModified\":\"2026-03-04T17:35:27+00:00\",\"breadcrumb\":{\"@id\":\"https:\\\/\\\/africapreneurs.com\\\/fr\\\/devenez-partenaire\\\/#breadcrumb\"},\"inLanguage\":\"fr-FR\",\"potentialAction\":[{\"@type\":\"ReadAction\",\"target\":[\"https:\\\/\\\/africapreneurs.com\\\/fr\\\/devenez-partenaire\\\/\"]}]},{\"@type\":\"BreadcrumbList\",\"@id\":\"https:\\\/\\\/africapreneurs.com\\\/fr\\\/devenez-partenaire\\\/#breadcrumb\",\"itemListElement\":[{\"@type\":\"ListItem\",\"position\":1,\"name\":\"Africapreneurs\",\"item\":\"https:\\\/\\\/africapreneurs.com\\\/fr\\\/\"},{\"@type\":\"ListItem\",\"position\":2,\"name\":\"Devenez partenaire\"}]},{\"@type\":\"WebSite\",\"@id\":\"https:\\\/\\\/africapreneurs.com\\\/fr\\\/#website\",\"url\":\"https:\\\/\\\/africapreneurs.com\\\/fr\\\/\",\"name\":\"Africapreneurs\",\"description\":\"R\u00e9v\u00e9ler les talents africains, Valoriser les histoires de l\u2019Afrique.\",\"publisher\":{\"@id\":\"https:\\\/\\\/africapreneurs.com\\\/fr\\\/#organization\"},\"potentialAction\":[{\"@type\":\"SearchAction\",\"target\":{\"@type\":\"EntryPoint\",\"urlTemplate\":\"https:\\\/\\\/africapreneurs.com\\\/fr\\\/?s={search_term_string}\"},\"query-input\":{\"@type\":\"PropertyValueSpecification\",\"valueRequired\":true,\"valueName\":\"search_term_string\"}}],\"inLanguage\":\"fr-FR\"},{\"@type\":\"Organization\",\"@id\":\"https:\\\/\\\/africapreneurs.com\\\/fr\\\/#organization\",\"name\":\"Africapreneurs\",\"url\":\"https:\\\/\\\/africapreneurs.com\\\/fr\\\/\",\"logo\":{\"@type\":\"ImageObject\",\"inLanguage\":\"fr-FR\",\"@id\":\"https:\\\/\\\/africapreneurs.com\\\/fr\\\/#\\\/schema\\\/logo\\\/image\\\/\",\"url\":\"https:\\\/\\\/africapreneurs.com\\\/wp-content\\\/uploads\\\/2024\\\/01\\\/Africapreneurs-Logo.jpg\",\"contentUrl\":\"https:\\\/\\\/africapreneurs.com\\\/wp-content\\\/uploads\\\/2024\\\/01\\\/Africapreneurs-Logo.jpg\",\"width\":600,\"height\":600,\"caption\":\"Africapreneurs\"},\"image\":{\"@id\":\"https:\\\/\\\/africapreneurs.com\\\/fr\\\/#\\\/schema\\\/logo\\\/image\\\/\"},\"sameAs\":[\"https:\\\/\\\/www.facebook.com\\\/africapreneurs1\",\"https:\\\/\\\/x.com\\\/africapreneurs\",\"https:\\\/\\\/www.instagram.com\\\/africapreneurs\",\"https:\\\/\\\/www.linkedin.com\\\/company\\\/africapreneurs\",\"https:\\\/\\\/www.youtube.com\\\/@africapreneurs\"]}]}<\/script>\n<!-- \/ Yoast SEO Premium plugin. -->","yoast_head_json":{"title":"Devenez partenaire - Africapreneurs","robots":{"index":"index","follow":"follow","max-snippet":"max-snippet:-1","max-image-preview":"max-image-preview:large","max-video-preview":"max-video-preview:-1"},"canonical":"https:\/\/africapreneurs.com\/fr\/devenez-partenaire\/","og_locale":"fr_FR","og_type":"article","og_title":"Devenez partenaire","og_description":"Rejoignez-nous dans une aventure passionnante qui mettra en lumi\u00e8re le dynamisme, la diversit\u00e9 des talents et le potentiel d&rsquo;innovation de l&rsquo;Afrique. Devenez partenaire d&rsquo;Africapreneurs et contribuez activement \u00e0 fa\u00e7onner un r\u00e9cit inspirant et porteur d&rsquo;espoir pour la communaut\u00e9 africaine, en Afrique et \u00e0 l&rsquo;\u00e9tranger. Pourquoi devenir partenaire ? Comment s&rsquo;impliquer&nbsp;: Africapreneurs accueille des partenaires de [&hellip;]","og_url":"https:\/\/africapreneurs.com\/fr\/devenez-partenaire\/","og_site_name":"Africapreneurs","article_publisher":"https:\/\/www.facebook.com\/africapreneurs1","article_modified_time":"2026-03-04T17:35:27+00:00","twitter_card":"summary_large_image","twitter_site":"@africapreneurs","twitter_misc":{"Dur\u00e9e de lecture estim\u00e9e":"2 minutes"},"schema":{"@context":"https:\/\/schema.org","@graph":[{"@type":"WebPage","@id":"https:\/\/africapreneurs.com\/fr\/devenez-partenaire\/","url":"https:\/\/africapreneurs.com\/fr\/devenez-partenaire\/","name":"Devenez partenaire - Africapreneurs","isPartOf":{"@id":"https:\/\/africapreneurs.com\/fr\/#website"},"datePublished":"2026-03-04T17:35:26+00:00","dateModified":"2026-03-04T17:35:27+00:00","breadcrumb":{"@id":"https:\/\/africapreneurs.com\/fr\/devenez-partenaire\/#breadcrumb"},"inLanguage":"fr-FR","potentialAction":[{"@type":"ReadAction","target":["https:\/\/africapreneurs.com\/fr\/devenez-partenaire\/"]}]},{"@type":"BreadcrumbList","@id":"https:\/\/africapreneurs.com\/fr\/devenez-partenaire\/#breadcrumb","itemListElement":[{"@type":"ListItem","position":1,"name":"Africapreneurs","item":"https:\/\/africapreneurs.com\/fr\/"},{"@type":"ListItem","position":2,"name":"Devenez partenaire"}]},{"@type":"WebSite","@id":"https:\/\/africapreneurs.com\/fr\/#website","url":"https:\/\/africapreneurs.com\/fr\/","name":"Africapreneurs","description":"R\u00e9v\u00e9ler les talents africains, Valoriser les histoires de l\u2019Afrique.","publisher":{"@id":"https:\/\/africapreneurs.com\/fr\/#organization"},"potentialAction":[{"@type":"SearchAction","target":{"@type":"EntryPoint","urlTemplate":"https:\/\/africapreneurs.com\/fr\/?s={search_term_string}"},"query-input":{"@type":"PropertyValueSpecification","valueRequired":true,"valueName":"search_term_string"}}],"inLanguage":"fr-FR"},{"@type":"Organization","@id":"https:\/\/africapreneurs.com\/fr\/#organization","name":"Africapreneurs","url":"https:\/\/africapreneurs.com\/fr\/","logo":{"@type":"ImageObject","inLanguage":"fr-FR","@id":"https:\/\/africapreneurs.com\/fr\/#\/schema\/logo\/image\/","url":"https:\/\/africapreneurs.com\/wp-content\/uploads\/2024\/01\/Africapreneurs-Logo.jpg","contentUrl":"https:\/\/africapreneurs.com\/wp-content\/uploads\/2024\/01\/Africapreneurs-Logo.jpg","width":600,"height":600,"caption":"Africapreneurs"},"image":{"@id":"https:\/\/africapreneurs.com\/fr\/#\/schema\/logo\/image\/"},"sameAs":["https:\/\/www.facebook.com\/africapreneurs1","https:\/\/x.com\/africapreneurs","https:\/\/www.instagram.com\/africapreneurs","https:\/\/www.linkedin.com\/company\/africapreneurs","https:\/\/www.youtube.com\/@africapreneurs"]}]}},"_links":{"self":[{"href":"https:\/\/africapreneurs.com\/fr\/wp-json\/wp\/v2\/pages\/10894","targetHints":{"allow":["GET"]}}],"collection":[{"href":"https:\/\/africapreneurs.com\/fr\/wp-json\/wp\/v2\/pages"}],"about":[{"href":"https:\/\/africapreneurs.com\/fr\/wp-json\/wp\/v2\/types\/page"}],"author":[{"embeddable":true,"href":"https:\/\/africapreneurs.com\/fr\/wp-json\/wp\/v2\/users\/1"}],"replies":[{"embeddable":true,"href":"https:\/\/africapreneurs.com\/fr\/wp-json\/wp\/v2\/comments?post=10894"}],"version-history":[{"count":1,"href":"https:\/\/africapreneurs.com\/fr\/wp-json\/wp\/v2\/pages\/10894\/revisions"}],"predecessor-version":[{"id":10895,"href":"https:\/\/africapreneurs.com\/fr\/wp-json\/wp\/v2\/pages\/10894\/revisions\/10895"}],"wp:attachment":[{"href":"https:\/\/africapreneurs.com\/fr\/wp-json\/wp\/v2\/media?parent=10894"}],"curies":[{"name":"wp","href":"https:\/\/api.w.org\/{rel}","templated":true}]}}