{"id":10901,"date":"2026-03-04T17:47:51","date_gmt":"2026-03-04T17:47:51","guid":{"rendered":"https:\/\/africapreneurs.com\/?page_id=10901"},"modified":"2026-03-04T17:47:52","modified_gmt":"2026-03-04T17:47:52","slug":"devenez-contributeur","status":"publish","type":"page","link":"https:\/\/africapreneurs.com\/fr\/devenez-contributeur\/","title":{"rendered":"Devenez contributeur"},"content":{"rendered":"\n<p>Partagez r\u00e9guli\u00e8rement vos r\u00e9flexions, th\u00e9ories et analyses avec notre communaut\u00e9 internationale.<\/p>\n\n\n\n<h2 class=\"wp-block-heading\" id=\"h-quelles-categories-d-articles-publions-nous-nbsp\">Quelles cat\u00e9gories d&rsquo;articles publions-nous&nbsp;?<\/h2>\n\n\n\n<p>Nous couvrons un large \u00e9ventail de sujets, mais nous nous int\u00e9ressons principalement aux contenus concernant l&rsquo;Afrique et les Africains.<\/p>\n\n\n\n<h3 class=\"wp-block-heading\" id=\"h-contribuez-a-faconner-l-avenir\">Contribuez \u00e0 fa\u00e7onner l&rsquo;avenir<\/h3>\n\n\n\n<p>Partagez vos r\u00e9flexions, analyses, concepts, \u00e9tudes et t\u00e9moignages, et aidez-nous \u00e0 documenter les r\u00e9ussites inspirantes de l&rsquo;Afrique et des Africains.<\/p>\n\n\n\n<h3 class=\"wp-block-heading\" id=\"h-echangez-avec-d-autres-experts\">\u00c9changez avec d&rsquo;autres experts<\/h3>\n\n\n\n<p>Si votre candidature est accept\u00e9e, vous rejoindrez notre r\u00e9seau de leaders du secteur et pourrez commenter et collaborer avec d&rsquo;autres contributeurs.<\/p>\n\n\n\n<h3 class=\"wp-block-heading\" id=\"h-devenez-un-leader-d-opinion\">Devenez un leader d&rsquo;opinion<\/h3>\n\n\n\n<p>Nous vous offrons une plateforme unique pour faire entendre votre voix aupr\u00e8s d&rsquo;un public tr\u00e8s engag\u00e9 de professionnels, d&rsquo;entrepreneurs et de chefs d&rsquo;entreprise.<\/p>\n","protected":false},"excerpt":{"rendered":"<p>Partagez r\u00e9guli\u00e8rement vos r\u00e9flexions, th\u00e9ories et analyses avec notre communaut\u00e9 internationale. Quelles cat\u00e9gories d&rsquo;articles publions-nous&nbsp;? Nous couvrons un large \u00e9ventail de sujets, mais nous nous int\u00e9ressons principalement aux contenus concernant l&rsquo;Afrique et les Africains. Contribuez \u00e0 fa\u00e7onner l&rsquo;avenir Partagez vos r\u00e9flexions, analyses, concepts, \u00e9tudes et t\u00e9moignages, et aidez-nous \u00e0 documenter les r\u00e9ussites inspirantes de l&rsquo;Afrique [&hellip;]<\/p>\n","protected":false},"author":1,"featured_media":0,"parent":0,"menu_order":0,"comment_status":"closed","ping_status":"closed","template":"","meta":{"jnews_page_loop":[],"jnews_single_page":[],"footnotes":""},"class_list":["post-10901","page","type-page","status-publish","hentry"],"yoast_head":"<!-- This site is optimized with the Yoast SEO Premium plugin v26.9 (Yoast SEO v27.4) - https:\/\/yoast.com\/product\/yoast-seo-premium-wordpress\/ -->\n<title>Devenez contributeur - Africapreneurs<\/title>\n<meta name=\"robots\" content=\"index, follow, max-snippet:-1, max-image-preview:large, max-video-preview:-1\" \/>\n<link rel=\"canonical\" href=\"https:\/\/africapreneurs.com\/fr\/devenez-contributeur\/\" \/>\n<meta property=\"og:locale\" content=\"fr_FR\" \/>\n<meta property=\"og:type\" content=\"article\" \/>\n<meta property=\"og:title\" content=\"Devenez contributeur\" \/>\n<meta property=\"og:description\" content=\"Partagez r\u00e9guli\u00e8rement vos r\u00e9flexions, th\u00e9ories et analyses avec notre communaut\u00e9 internationale. Quelles cat\u00e9gories d&rsquo;articles publions-nous&nbsp;? Nous couvrons un large \u00e9ventail de sujets, mais nous nous int\u00e9ressons principalement aux contenus concernant l&rsquo;Afrique et les Africains. Contribuez \u00e0 fa\u00e7onner l&rsquo;avenir Partagez vos r\u00e9flexions, analyses, concepts, \u00e9tudes et t\u00e9moignages, et aidez-nous \u00e0 documenter les r\u00e9ussites inspirantes de l&rsquo;Afrique [&hellip;]\" \/>\n<meta property=\"og:url\" content=\"https:\/\/africapreneurs.com\/fr\/devenez-contributeur\/\" \/>\n<meta property=\"og:site_name\" content=\"Africapreneurs\" \/>\n<meta property=\"article:publisher\" content=\"https:\/\/www.facebook.com\/africapreneurs1\" \/>\n<meta property=\"article:modified_time\" content=\"2026-03-04T17:47:52+00:00\" \/>\n<meta name=\"twitter:card\" content=\"summary_large_image\" \/>\n<meta name=\"twitter:site\" content=\"@africapreneurs\" \/>\n<meta name=\"twitter:label1\" content=\"Dur\u00e9e de lecture estim\u00e9e\" \/>\n\t<meta name=\"twitter:data1\" content=\"1 minute\" \/>\n<script type=\"application\/ld+json\" class=\"yoast-schema-graph\">{\"@context\":\"https:\\\/\\\/schema.org\",\"@graph\":[{\"@type\":\"WebPage\",\"@id\":\"https:\\\/\\\/africapreneurs.com\\\/fr\\\/devenez-contributeur\\\/\",\"url\":\"https:\\\/\\\/africapreneurs.com\\\/fr\\\/devenez-contributeur\\\/\",\"name\":\"Devenez contributeur - Africapreneurs\",\"isPartOf\":{\"@id\":\"https:\\\/\\\/africapreneurs.com\\\/fr\\\/#website\"},\"datePublished\":\"2026-03-04T17:47:51+00:00\",\"dateModified\":\"2026-03-04T17:47:52+00:00\",\"breadcrumb\":{\"@id\":\"https:\\\/\\\/africapreneurs.com\\\/fr\\\/devenez-contributeur\\\/#breadcrumb\"},\"inLanguage\":\"fr-FR\",\"potentialAction\":[{\"@type\":\"ReadAction\",\"target\":[\"https:\\\/\\\/africapreneurs.com\\\/fr\\\/devenez-contributeur\\\/\"]}]},{\"@type\":\"BreadcrumbList\",\"@id\":\"https:\\\/\\\/africapreneurs.com\\\/fr\\\/devenez-contributeur\\\/#breadcrumb\",\"itemListElement\":[{\"@type\":\"ListItem\",\"position\":1,\"name\":\"Africapreneurs\",\"item\":\"https:\\\/\\\/africapreneurs.com\\\/fr\\\/\"},{\"@type\":\"ListItem\",\"position\":2,\"name\":\"Devenez contributeur\"}]},{\"@type\":\"WebSite\",\"@id\":\"https:\\\/\\\/africapreneurs.com\\\/fr\\\/#website\",\"url\":\"https:\\\/\\\/africapreneurs.com\\\/fr\\\/\",\"name\":\"Africapreneurs\",\"description\":\"R\u00e9v\u00e9ler les talents africains, Valoriser les histoires de l\u2019Afrique.\",\"publisher\":{\"@id\":\"https:\\\/\\\/africapreneurs.com\\\/fr\\\/#organization\"},\"potentialAction\":[{\"@type\":\"SearchAction\",\"target\":{\"@type\":\"EntryPoint\",\"urlTemplate\":\"https:\\\/\\\/africapreneurs.com\\\/fr\\\/?s={search_term_string}\"},\"query-input\":{\"@type\":\"PropertyValueSpecification\",\"valueRequired\":true,\"valueName\":\"search_term_string\"}}],\"inLanguage\":\"fr-FR\"},{\"@type\":\"Organization\",\"@id\":\"https:\\\/\\\/africapreneurs.com\\\/fr\\\/#organization\",\"name\":\"Africapreneurs\",\"url\":\"https:\\\/\\\/africapreneurs.com\\\/fr\\\/\",\"logo\":{\"@type\":\"ImageObject\",\"inLanguage\":\"fr-FR\",\"@id\":\"https:\\\/\\\/africapreneurs.com\\\/fr\\\/#\\\/schema\\\/logo\\\/image\\\/\",\"url\":\"https:\\\/\\\/africapreneurs.com\\\/wp-content\\\/uploads\\\/2024\\\/01\\\/Africapreneurs-Logo.jpg\",\"contentUrl\":\"https:\\\/\\\/africapreneurs.com\\\/wp-content\\\/uploads\\\/2024\\\/01\\\/Africapreneurs-Logo.jpg\",\"width\":600,\"height\":600,\"caption\":\"Africapreneurs\"},\"image\":{\"@id\":\"https:\\\/\\\/africapreneurs.com\\\/fr\\\/#\\\/schema\\\/logo\\\/image\\\/\"},\"sameAs\":[\"https:\\\/\\\/www.facebook.com\\\/africapreneurs1\",\"https:\\\/\\\/x.com\\\/africapreneurs\",\"https:\\\/\\\/www.instagram.com\\\/africapreneurs\",\"https:\\\/\\\/www.linkedin.com\\\/company\\\/africapreneurs\",\"https:\\\/\\\/www.youtube.com\\\/@africapreneurs\"]}]}<\/script>\n<!-- \/ Yoast SEO Premium plugin. -->","yoast_head_json":{"title":"Devenez contributeur - Africapreneurs","robots":{"index":"index","follow":"follow","max-snippet":"max-snippet:-1","max-image-preview":"max-image-preview:large","max-video-preview":"max-video-preview:-1"},"canonical":"https:\/\/africapreneurs.com\/fr\/devenez-contributeur\/","og_locale":"fr_FR","og_type":"article","og_title":"Devenez contributeur","og_description":"Partagez r\u00e9guli\u00e8rement vos r\u00e9flexions, th\u00e9ories et analyses avec notre communaut\u00e9 internationale. Quelles cat\u00e9gories d&rsquo;articles publions-nous&nbsp;? Nous couvrons un large \u00e9ventail de sujets, mais nous nous int\u00e9ressons principalement aux contenus concernant l&rsquo;Afrique et les Africains. Contribuez \u00e0 fa\u00e7onner l&rsquo;avenir Partagez vos r\u00e9flexions, analyses, concepts, \u00e9tudes et t\u00e9moignages, et aidez-nous \u00e0 documenter les r\u00e9ussites inspirantes de l&rsquo;Afrique [&hellip;]","og_url":"https:\/\/africapreneurs.com\/fr\/devenez-contributeur\/","og_site_name":"Africapreneurs","article_publisher":"https:\/\/www.facebook.com\/africapreneurs1","article_modified_time":"2026-03-04T17:47:52+00:00","twitter_card":"summary_large_image","twitter_site":"@africapreneurs","twitter_misc":{"Dur\u00e9e de lecture estim\u00e9e":"1 minute"},"schema":{"@context":"https:\/\/schema.org","@graph":[{"@type":"WebPage","@id":"https:\/\/africapreneurs.com\/fr\/devenez-contributeur\/","url":"https:\/\/africapreneurs.com\/fr\/devenez-contributeur\/","name":"Devenez contributeur - Africapreneurs","isPartOf":{"@id":"https:\/\/africapreneurs.com\/fr\/#website"},"datePublished":"2026-03-04T17:47:51+00:00","dateModified":"2026-03-04T17:47:52+00:00","breadcrumb":{"@id":"https:\/\/africapreneurs.com\/fr\/devenez-contributeur\/#breadcrumb"},"inLanguage":"fr-FR","potentialAction":[{"@type":"ReadAction","target":["https:\/\/africapreneurs.com\/fr\/devenez-contributeur\/"]}]},{"@type":"BreadcrumbList","@id":"https:\/\/africapreneurs.com\/fr\/devenez-contributeur\/#breadcrumb","itemListElement":[{"@type":"ListItem","position":1,"name":"Africapreneurs","item":"https:\/\/africapreneurs.com\/fr\/"},{"@type":"ListItem","position":2,"name":"Devenez contributeur"}]},{"@type":"WebSite","@id":"https:\/\/africapreneurs.com\/fr\/#website","url":"https:\/\/africapreneurs.com\/fr\/","name":"Africapreneurs","description":"R\u00e9v\u00e9ler les talents africains, Valoriser les histoires de l\u2019Afrique.","publisher":{"@id":"https:\/\/africapreneurs.com\/fr\/#organization"},"potentialAction":[{"@type":"SearchAction","target":{"@type":"EntryPoint","urlTemplate":"https:\/\/africapreneurs.com\/fr\/?s={search_term_string}"},"query-input":{"@type":"PropertyValueSpecification","valueRequired":true,"valueName":"search_term_string"}}],"inLanguage":"fr-FR"},{"@type":"Organization","@id":"https:\/\/africapreneurs.com\/fr\/#organization","name":"Africapreneurs","url":"https:\/\/africapreneurs.com\/fr\/","logo":{"@type":"ImageObject","inLanguage":"fr-FR","@id":"https:\/\/africapreneurs.com\/fr\/#\/schema\/logo\/image\/","url":"https:\/\/africapreneurs.com\/wp-content\/uploads\/2024\/01\/Africapreneurs-Logo.jpg","contentUrl":"https:\/\/africapreneurs.com\/wp-content\/uploads\/2024\/01\/Africapreneurs-Logo.jpg","width":600,"height":600,"caption":"Africapreneurs"},"image":{"@id":"https:\/\/africapreneurs.com\/fr\/#\/schema\/logo\/image\/"},"sameAs":["https:\/\/www.facebook.com\/africapreneurs1","https:\/\/x.com\/africapreneurs","https:\/\/www.instagram.com\/africapreneurs","https:\/\/www.linkedin.com\/company\/africapreneurs","https:\/\/www.youtube.com\/@africapreneurs"]}]}},"_links":{"self":[{"href":"https:\/\/africapreneurs.com\/fr\/wp-json\/wp\/v2\/pages\/10901","targetHints":{"allow":["GET"]}}],"collection":[{"href":"https:\/\/africapreneurs.com\/fr\/wp-json\/wp\/v2\/pages"}],"about":[{"href":"https:\/\/africapreneurs.com\/fr\/wp-json\/wp\/v2\/types\/page"}],"author":[{"embeddable":true,"href":"https:\/\/africapreneurs.com\/fr\/wp-json\/wp\/v2\/users\/1"}],"replies":[{"embeddable":true,"href":"https:\/\/africapreneurs.com\/fr\/wp-json\/wp\/v2\/comments?post=10901"}],"version-history":[{"count":1,"href":"https:\/\/africapreneurs.com\/fr\/wp-json\/wp\/v2\/pages\/10901\/revisions"}],"predecessor-version":[{"id":10902,"href":"https:\/\/africapreneurs.com\/fr\/wp-json\/wp\/v2\/pages\/10901\/revisions\/10902"}],"wp:attachment":[{"href":"https:\/\/africapreneurs.com\/fr\/wp-json\/wp\/v2\/media?parent=10901"}],"curies":[{"name":"wp","href":"https:\/\/api.w.org\/{rel}","templated":true}]}}